{"id":411,"date":"2021-08-27T12:19:36","date_gmt":"2021-08-27T12:19:36","guid":{"rendered":"http:\/\/dummy.xtemos.com\/woodmart2\/elementor\/?post_type=product&#038;p=411"},"modified":"2024-11-20T09:35:24","modified_gmt":"2024-11-20T09:35:24","slug":"tour-tham-quan-dia-diem-noi-tieng-o-hue","status":"publish","type":"product","link":"https:\/\/yoyotravel.vn\/zh-hans\/san-pham\/tour-tham-quan-dia-diem-noi-tieng-o-hue\/","title":{"rendered":"Tour tham quan \u0111\u1ecba \u0111i\u1ec3m n\u1ed5i ti\u1ebfng \u1edf Hu\u1ebf"},"content":{"rendered":"<h4>Kh\u00e1m Ph\u00e1 Du L\u1ecbch &#8211; Nh\u1eefng H\u00e0nh Tr\u00ecnh \u0110\u00e1ng Nh\u1edb<\/h4>\n<p><img loading=\"lazy\" decoding=\"async\" src=\"https:\/\/yoyotravel.vn\/wp-content\/uploads\/2021\/10\/travel-blog-img-9.jpg\" alt=\"\" width=\"139\" height=\"86\" \/>Du l\u1ecbch kh\u00f4ng ch\u1ec9 l\u00e0 m\u1ed9t c\u00e1ch \u0111\u1ec3 th\u01b0 gi\u00e3n, m\u00e0 c\u00f2n l\u00e0 c\u01a1 h\u1ed9i \u0111\u1ec3 b\u1ea1n kh\u00e1m ph\u00e1 th\u1ebf gi\u1edbi r\u1ed9ng l\u1edbn, t\u00ecm hi\u1ec3u v\u1ec1 v\u0103n h\u00f3a, l\u1ecbch s\u1eed, con ng\u01b0\u1eddi v\u00e0 thi\u00ean nhi\u00ean k\u1ef3 th\u00fa \u1edf nh\u1eefng v\u00f9ng \u0111\u1ea5t m\u1edbi. M\u1ed9t chuy\u1ebfn \u0111i du l\u1ecbch ho\u00e0n h\u1ea3o kh\u00f4ng ch\u1ec9 mang l\u1ea1i ni\u1ec1m vui, m\u00e0 c\u00f2n gi\u00fap b\u1ea1n t\u00edch l\u0169y nh\u1eefng tr\u1ea3i nghi\u1ec7m \u0111\u00e1ng gi\u00e1, m\u1edf mang t\u1ea7m m\u1eaft v\u00e0 l\u00e0m phong ph\u00fa th\u00eam cu\u1ed9c s\u1ed1ng.<\/p>\n<h4>Kh\u00e1m ph\u00e1 thi\u00ean nhi\u00ean k\u1ef3 v\u0129<\/h4>\n<p>Vi\u1ec7t Nam l\u00e0 m\u1ed9t \u0111\u1ea5t n\u01b0\u1edbc \u0111\u01b0\u1ee3c thi\u00ean nhi\u00ean \u01b0u \u0111\u00e3i v\u1edbi v\u00f4 v\u00e0n c\u1ea3nh \u0111\u1eb9p t\u1eeb n\u00fai non tr\u00f9ng \u0111i\u1ec7p, \u0111\u1ed3ng b\u1eb1ng xanh m\u01b0\u1edbt, cho \u0111\u1ebfn nh\u1eefng b\u00e3i bi\u1ec3n tr\u1ea3i d\u00e0i c\u00e1t tr\u1eafng. M\u1ed7i v\u00f9ng mi\u1ec1n l\u1ea1i mang m\u1ed9t n\u00e9t \u0111\u1eb9p ri\u00eang, l\u00e0m say \u0111\u1eafm l\u00f2ng ng\u01b0\u1eddi.<\/p>\n<h4>T\u00ecm v\u1ec1 l\u1ecbch s\u1eed v\u00e0 v\u0103n h\u00f3a<\/h4>\n<p>Vi\u1ec7t Nam c\u00f3 b\u1ec1 d\u00e0y l\u1ecbch s\u1eed h\u00e0ng ngh\u00ecn n\u0103m, \u0111\u01b0\u1ee3c th\u1ec3 hi\u1ec7n qua c\u00e1c di t\u00edch c\u1ed5 k\u00ednh, ki\u1ebfn tr\u00fac \u0111\u1ed9c \u0111\u00e1o v\u00e0 truy\u1ec1n th\u1ed1ng v\u0103n h\u00f3a phong ph\u00fa.<\/p>\n","protected":false},"excerpt":{"rendered":"<p>Du l\u1ecbch ngh\u1ec9 d\u01b0\u1ee1ng kh\u00f4ng ch\u1ec9 l\u00e0 th\u1eddi gian th\u01b0 gi\u00e3n m\u00e0 c\u00f2n l\u00e0 c\u01a1 h\u1ed9i \u0111\u1ec3 kh\u00e1m ph\u00e1 v\u1ebb \u0111\u1eb9p thi\u00ean nhi\u00ean. Nh\u1eefng chuy\u1ebfn \u0111i \u0111\u1ebfn c\u00e1c khu r\u1eebng nguy\u00ean sinh hay b\u00e3i bi\u1ec3n hoang s\u01a1 gi\u00fap b\u1ea1n k\u1ebft n\u1ed1i l\u1ea1i v\u1edbi thi\u00ean nhi\u00ean v\u00e0 t\u1eadn h\u01b0\u1edfng kh\u00f4ng kh\u00ed trong l\u00e0nh.<\/p>\n","protected":false},"featured_media":5437,"comment_status":"open","ping_status":"closed","template":"","meta":{"inline_featured_image":false},"product_brand":[],"product_cat":[32],"product_tag":[],"class_list":{"0":"post-411","1":"product","2":"type-product","3":"status-publish","4":"has-post-thumbnail","6":"product_cat-hue","7":"pa_the-loai-giai-tri","8":"pa_the-loai-phong-canh","10":"first","11":"instock","12":"shipping-taxable","13":"purchasable","14":"product-type-simple"},"_links":{"self":[{"href":"https:\/\/yoyotravel.vn\/zh-hans\/wp-json\/wp\/v2\/product\/411","targetHints":{"allow":["GET"]}}],"collection":[{"href":"https:\/\/yoyotravel.vn\/zh-hans\/wp-json\/wp\/v2\/product"}],"about":[{"href":"https:\/\/yoyotravel.vn\/zh-hans\/wp-json\/wp\/v2\/types\/product"}],"replies":[{"embeddable":true,"href":"https:\/\/yoyotravel.vn\/zh-hans\/wp-json\/wp\/v2\/comments?post=411"}],"wp:featuredmedia":[{"embeddable":true,"href":"https:\/\/yoyotravel.vn\/zh-hans\/wp-json\/wp\/v2\/media\/5437"}],"wp:attachment":[{"href":"https:\/\/yoyotravel.vn\/zh-hans\/wp-json\/wp\/v2\/media?parent=411"}],"wp:term":[{"taxonomy":"product_brand","embeddable":true,"href":"https:\/\/yoyotravel.vn\/zh-hans\/wp-json\/wp\/v2\/product_brand?post=411"},{"taxonomy":"product_cat","embeddable":true,"href":"https:\/\/yoyotravel.vn\/zh-hans\/wp-json\/wp\/v2\/product_cat?post=411"},{"taxonomy":"product_tag","embeddable":true,"href":"https:\/\/yoyotravel.vn\/zh-hans\/wp-json\/wp\/v2\/product_tag?post=411"}],"curies":[{"name":"wp","href":"https:\/\/api.w.org\/{rel}","templated":true}]}}