{"id":361,"date":"2021-08-27T11:55:26","date_gmt":"2021-08-27T11:55:26","guid":{"rendered":"http:\/\/dummy.xtemos.com\/woodmart2\/elementor\/?post_type=product&#038;p=361"},"modified":"2025-07-15T03:29:09","modified_gmt":"2025-07-15T03:29:09","slug":"thien-nhien-noi-nuoi-duong-tam-hon","status":"publish","type":"product","link":"https:\/\/yoyotravel.vn\/zh-hans\/san-pham\/thien-nhien-noi-nuoi-duong-tam-hon\/","title":{"rendered":"Thi\u00ean nhi\u00ean &#8211; N\u01a1i nu\u00f4i d\u01b0\u1ee1ng t\u00e2m h\u1ed3n"},"content":{"rendered":"<p>M\u1ed9t chuy\u1ebfn \u0111i s\u1ebd kh\u00f4ng tr\u1ecdn v\u1eb9n n\u1ebfu b\u1ea1n kh\u00f4ng th\u1eed s\u1ed1ng nh\u01b0 m\u1ed9t ng\u01b0\u1eddi b\u1ea3n \u0111\u1ecba, h\u00f2a m\u00ecnh v\u00e0o nh\u1ecbp s\u1ed1ng th\u01b0\u1eddng ng\u00e0y v\u00e0 kh\u00e1m ph\u00e1 nh\u1eefng n\u00e9t v\u0103n h\u00f3a \u0111\u1ed9c \u0111\u00e1o.<\/p>\n<ul>\n<li><strong>\u1ea8m th\u1ef1c \u0111\u1ecba ph\u01b0\u01a1ng<\/strong>: M\u1ed7i v\u00f9ng mi\u1ec1n \u0111\u1ec1u c\u00f3 nh\u1eefng m\u00f3n \u0103n \u0111\u1eb7c s\u1ea3n ri\u00eang, nh\u01b0 ph\u1edf H\u00e0 N\u1ed9i, b\u00fan b\u00f2 Hu\u1ebf, b\u00e1nh x\u00e8o mi\u1ec1n T\u00e2y hay h\u1ea3i s\u1ea3n t\u01b0\u01a1i s\u1ed1ng \u1edf Ph\u00fa Qu\u1ed1c.<\/li>\n<li><strong>L\u1ec5 h\u1ed9i truy\u1ec1n th\u1ed1ng<\/strong>: Tham gia ch\u1ee3 t\u00ecnh Kh\u00e2u Vai \u1edf H\u00e0 Giang, th\u1ea3 \u0111\u00e8n hoa \u0111\u0103ng \u1edf H\u1ed9i An hay l\u1ec5 h\u1ed9i \u0111ua ghe ngo \u1edf mi\u1ec1n T\u00e2y s\u1ebd mang \u0111\u1ebfn cho b\u1ea1n nh\u1eefng tr\u1ea3i nghi\u1ec7m kh\u00f3 qu\u00ean.<\/li>\n<li><strong>Ngh\u1ec1 truy\u1ec1n th\u1ed1ng<\/strong>: Th\u0103m l\u00e0ng g\u1ed1m Thanh H\u00e0, l\u00e0ng d\u1ec7t th\u1ed5 c\u1ea9m \u1edf Sapa hay c\u00e1c l\u00e0ng ngh\u1ec1 l\u00e0m b\u00e1nh tr\u00e1ng, l\u00e0m n\u01b0\u1edbc m\u1eafm s\u1ebd gi\u00fap b\u1ea1n hi\u1ec3u th\u00eam v\u1ec1 \u0111\u1eddi s\u1ed1ng v\u00e0 s\u1ef1 kh\u00e9o l\u00e9o c\u1ee7a ng\u01b0\u1eddi Vi\u1ec7t Nam.<\/li>\n<\/ul>\n<p><img loading=\"lazy\" decoding=\"async\" src=\"https:\/\/yoyotravel.vn\/wp-content\/uploads\/2024\/11\/goi-y-khach-san-danh-cho-chuyen-di-cua-ban-toi-bahrain-1040-3-50x50.jpg\" sizes=\"auto, (max-width: 50px) 100vw, 50px\" srcset=\"https:\/\/yoyotravel.vn\/wp-content\/uploads\/2024\/11\/goi-y-khach-san-danh-cho-chuyen-di-cua-ban-toi-bahrain-1040-3-50x50.jpg 50w, https:\/\/yoyotravel.vn\/wp-content\/uploads\/2024\/11\/goi-y-khach-san-danh-cho-chuyen-di-cua-ban-toi-bahrain-1040-3-150x150.jpg 150w\" alt=\"\" width=\"50\" height=\"50\" \/><\/p>\n<h4 class=\"info-box-title title box-title-style-default wd-fontsize-s\" data-elementor-setting-key=\"title\">Nh\u1eefng H\u00e0nh Tr\u00ecnh \u0110\u00e1ng Nh\u1edb<\/h4>\n<p style=\"text-align: center;\">Du l\u1ecbch kh\u00f4ng ch\u1ec9 l\u00e0 m\u1ed9t c\u00e1ch \u0111\u1ec3 th\u01b0 gi\u00e3n, m\u00e0 c\u00f2n l\u00e0 c\u01a1 h\u1ed9i \u0111\u1ec3 b\u1ea1n kh\u00e1m ph\u00e1 th\u1ebf gi\u1edbi r\u1ed9ng l\u1edbn, t\u00ecm hi\u1ec3u v\u1ec1 v\u0103n h\u00f3a, l\u1ecbch s\u1eed, con ng\u01b0\u1eddi v\u00e0 thi\u00ean nhi\u00ean k\u1ef3 th\u00fa \u1edf nh\u1eefng v\u00f9ng \u0111\u1ea5t m\u1edbi<\/p>\n<p><img loading=\"lazy\" decoding=\"async\" src=\"https:\/\/yoyotravel.vn\/wp-content\/uploads\/2021\/10\/travel-blog-img-6-50x50.jpg\" alt=\"\" width=\"50\" height=\"50\" \/><\/p>\n<h4 class=\"info-box-title title box-title-style-default wd-fontsize-s\" data-elementor-setting-key=\"title\">Thi\u00ean nhi\u00ean k\u1ef3 v\u0129<\/h4>\n<p style=\"text-align: center;\">M\u1ed7i v\u00f9ng mi\u1ec1n l\u1ea1i mang m\u1ed9t n\u00e9t \u0111\u1eb9p ri\u00eang, l\u00e0m say \u0111\u1eafm l\u00f2ng ng\u01b0\u1eddi.<\/p>\n<p><img loading=\"lazy\" decoding=\"async\" src=\"https:\/\/yoyotravel.vn\/wp-content\/uploads\/2024\/11\/goi-y-khach-san-danh-cho-chuyen-di-cua-ban-toi-bahrain-1040-50x50.png\" sizes=\"auto, (max-width: 50px) 100vw, 50px\" srcset=\"https:\/\/yoyotravel.vn\/wp-content\/uploads\/2024\/11\/goi-y-khach-san-danh-cho-chuyen-di-cua-ban-toi-bahrain-1040-50x50.png 50w, https:\/\/yoyotravel.vn\/wp-content\/uploads\/2024\/11\/goi-y-khach-san-danh-cho-chuyen-di-cua-ban-toi-bahrain-1040-150x150.png 150w\" alt=\"\" width=\"50\" height=\"50\" \/><\/p>\n<h4 class=\"info-box-title title box-title-style-default wd-fontsize-s\" data-elementor-setting-key=\"title\">Kh\u00e1m Ph\u00e1 Du L\u1ecbch<\/h4>\n<p style=\"text-align: center;\">M\u1ed9t chuy\u1ebfn \u0111i du l\u1ecbch ho\u00e0n h\u1ea3o kh\u00f4ng ch\u1ec9 mang l\u1ea1i ni\u1ec1m vui, m\u00e0 c\u00f2n gi\u00fap b\u1ea1n t\u00edch l\u0169y nh\u1eefng tr\u1ea3i nghi\u1ec7m \u0111\u00e1ng gi\u00e1, m\u1edf mang t\u1ea7m m\u1eaft v\u00e0 l\u00e0m phong ph\u00fa th\u00eam cu\u1ed9c s\u1ed1ng.<\/p>\n<p><img loading=\"lazy\" decoding=\"async\" src=\"https:\/\/yoyotravel.vn\/wp-content\/uploads\/2021\/10\/travel-product-img-5-50x50.jpg\" alt=\"\" width=\"50\" height=\"50\" \/><\/p>\n<h4 class=\"info-box-title title box-title-style-default wd-fontsize-s\" data-elementor-setting-key=\"title\">v\u0103n h\u00f3a \u0111\u1ecba ph\u01b0\u01a1ng<\/h4>\n<p style=\"text-align: center;\">M\u1ed9t chuy\u1ebfn \u0111i s\u1ebd kh\u00f4ng tr\u1ecdn v\u1eb9n n\u1ebfu b\u1ea1n kh\u00f4ng th\u1eed s\u1ed1ng nh\u01b0 m\u1ed9t ng\u01b0\u1eddi b\u1ea3n \u0111\u1ecba, h\u00f2a m\u00ecnh v\u00e0o nh\u1ecbp s\u1ed1ng th\u01b0\u1eddng ng\u00e0y v\u00e0 kh\u00e1m ph\u00e1 nh\u1eefng n\u00e9t v\u0103n h\u00f3a \u0111\u1ed9c \u0111\u00e1o.<\/p>\n<p>&nbsp;<\/p>\n","protected":false},"excerpt":{"rendered":"<p>Thi\u00ean nhi\u00ean lu\u00f4n l\u00e0 ng\u01b0\u1eddi b\u1ea1n \u0111\u1ed3ng h\u00e0nh l\u00fd t\u01b0\u1edfng, mang \u0111\u1ebfn c\u1ea3m gi\u00e1c b\u00ecnh y\u00ean v\u00e0 g\u1eafn k\u1ebft gi\u1eefa con ng\u01b0\u1eddi v\u1edbi m\u00f4i tr\u01b0\u1eddng xung quanh.<\/p>\n<ul>\n<li><strong>R\u1eebng nguy\u00ean sinh v\u00e0 n\u00fai cao<\/strong>: Nh\u1eefng ng\u1ecdn n\u00fai cao ch\u00f3t v\u00f3t nh\u01b0 Fansipan \u1edf Sapa hay n\u00fai B\u1ea1ch M\u00e3 \u1edf Hu\u1ebf kh\u00f4ng ch\u1ec9 l\u00e0 th\u1eed th\u00e1ch cho ng\u01b0\u1eddi y\u00eau trekking m\u00e0 c\u00f2n l\u00e0 n\u01a1i \u0111\u1ec3 b\u1ea1n c\u1ea3m nh\u1eadn s\u1ef1 nh\u1ecf b\u00e9 tr\u01b0\u1edbc thi\u00ean nhi\u00ean bao la. R\u1eebng nguy\u00ean sinh Nam C\u00e1t Ti\u00ean hay V\u01b0\u1eddn qu\u1ed1c gia Ba B\u1ec3 l\u00e0 \u0111\u1ecba \u0111i\u1ec3m ho\u00e0n h\u1ea3o \u0111\u1ec3 kh\u00e1m ph\u00e1 h\u1ec7 sinh th\u00e1i phong ph\u00fa v\u00e0 t\u1eadn h\u01b0\u1edfng kh\u00f4ng kh\u00ed trong l\u00e0nh.<\/li>\n<li><strong>V\u00f9ng bi\u1ec3n trong xanh<\/strong>: D\u1ea3i \u0111\u1ea5t h\u00ecnh ch\u1eef S c\u1ee7a Vi\u1ec7t Nam s\u1edf h\u1eefu \u0111\u01b0\u1eddng b\u1edd bi\u1ec3n d\u00e0i h\u01a1n 3.200 km, v\u1edbi nh\u1eefng b\u00e3i bi\u1ec3n \u0111\u1eb9p nh\u01b0 M\u1ef9 Kh\u00ea (\u0110\u00e0 N\u1eb5ng), C\u1eeda \u0110\u1ea1i (H\u1ed9i An) hay b\u00e3i Sao (Ph\u00fa Qu\u1ed1c). Bi\u1ec3n kh\u00f4ng ch\u1ec9 l\u00e0 n\u01a1i \u0111\u1ec3 th\u01b0 gi\u00e3n, m\u00e0 c\u00f2n mang l\u1ea1i c\u1ea3m gi\u00e1c t\u1ef1 do khi b\u1ea1n ng\u1eafm nh\u00ecn s\u00f3ng n\u01b0\u1edbc v\u00e0 ch\u00e2n tr\u1eddi v\u00f4 t\u1eadn.<\/li>\n<li><strong>\u0110\u1ed3ng b\u1eb1ng y\u00ean b\u00ecnh<\/strong>: V\u00f9ng \u0111\u1ed3ng b\u1eb1ng s\u00f4ng C\u1eedu Long l\u00e0 n\u01a1i l\u00fd t\u01b0\u1edfng \u0111\u1ec3 b\u1ea1n kh\u00e1m ph\u00e1 cu\u1ed9c s\u1ed1ng g\u1eafn li\u1ec1n v\u1edbi s\u00f4ng n\u01b0\u1edbc. Nh\u1eefng khu ch\u1ee3 n\u1ed5i, v\u01b0\u1eddn c\u00e2y \u0103n tr\u00e1i tr\u0129u qu\u1ea3 v\u00e0 h\u1ec7 th\u1ed1ng k\u00eanh r\u1ea1ch ch\u1eb1ng ch\u1ecbt t\u1ea1o n\u00ean m\u1ed9t b\u1ee9c tranh \u0111\u1ea7y m\u00e0u s\u1eafc.<\/li>\n<\/ul>\n","protected":false},"featured_media":5436,"comment_status":"open","ping_status":"closed","template":"","meta":{"inline_featured_image":false},"product_brand":[],"product_cat":[53],"product_tag":[],"class_list":{"0":"post-361","1":"product","2":"type-product","3":"status-publish","4":"has-post-thumbnail","6":"product_cat-da-nang","7":"pa_the-loai-bien-dep","8":"pa_the-loai-cam-trai","9":"pa_the-loai-giai-tri","10":"pa_the-loai-phong-canh","11":"pa_the-loai-resort-nghi-duong","13":"first","14":"instock","15":"sale","16":"shipping-taxable","17":"purchasable","18":"product-type-simple"},"_links":{"self":[{"href":"https:\/\/yoyotravel.vn\/zh-hans\/wp-json\/wp\/v2\/product\/361","targetHints":{"allow":["GET"]}}],"collection":[{"href":"https:\/\/yoyotravel.vn\/zh-hans\/wp-json\/wp\/v2\/product"}],"about":[{"href":"https:\/\/yoyotravel.vn\/zh-hans\/wp-json\/wp\/v2\/types\/product"}],"replies":[{"embeddable":true,"href":"https:\/\/yoyotravel.vn\/zh-hans\/wp-json\/wp\/v2\/comments?post=361"}],"wp:featuredmedia":[{"embeddable":true,"href":"https:\/\/yoyotravel.vn\/zh-hans\/wp-json\/wp\/v2\/media\/5436"}],"wp:attachment":[{"href":"https:\/\/yoyotravel.vn\/zh-hans\/wp-json\/wp\/v2\/media?parent=361"}],"wp:term":[{"taxonomy":"product_brand","embeddable":true,"href":"https:\/\/yoyotravel.vn\/zh-hans\/wp-json\/wp\/v2\/product_brand?post=361"},{"taxonomy":"product_cat","embeddable":true,"href":"https:\/\/yoyotravel.vn\/zh-hans\/wp-json\/wp\/v2\/product_cat?post=361"},{"taxonomy":"product_tag","embeddable":true,"href":"https:\/\/yoyotravel.vn\/zh-hans\/wp-json\/wp\/v2\/product_tag?post=361"}],"curies":[{"name":"wp","href":"https:\/\/api.w.org\/{rel}","templated":true}]}}