{"id":232,"date":"2021-08-26T14:39:51","date_gmt":"2021-08-26T14:39:51","guid":{"rendered":"http:\/\/dummy.xtemos.com\/woodmart2\/elementor\/?post_type=product&#038;p=232"},"modified":"2024-11-20T09:37:02","modified_gmt":"2024-11-20T09:37:02","slug":"kham-pha-cac-diem-den-hoi-an","status":"publish","type":"product","link":"https:\/\/yoyotravel.vn\/zh-hans\/san-pham\/kham-pha-cac-diem-den-hoi-an\/","title":{"rendered":"Kh\u00e1m ph\u00e1 c\u00e1c \u0111i\u1ec3m \u0111\u1ebfn H\u1ed9i An"},"content":{"rendered":"<p>Kh\u00e1m Ph\u00e1 Du L\u1ecbch<\/p>\n<h4>Nh\u1eefng H\u00e0nh Tr\u00ecnh \u0110\u00e1ng Nh\u1edb<\/h4>\n<p>Du l\u1ecbch kh\u00f4ng ch\u1ec9 l\u00e0 m\u1ed9t c\u00e1ch \u0111\u1ec3 th\u01b0 gi\u00e3n, m\u00e0 c\u00f2n l\u00e0 c\u01a1 h\u1ed9i \u0111\u1ec3 b\u1ea1n kh\u00e1m ph\u00e1 th\u1ebf gi\u1edbi r\u1ed9ng l\u1edbn, t\u00ecm hi\u1ec3u v\u1ec1 v\u0103n h\u00f3a, l\u1ecbch s\u1eed, con ng\u01b0\u1eddi v\u00e0 thi\u00ean nhi\u00ean k\u1ef3 th\u00fa \u1edf nh\u1eefng v\u00f9ng \u0111\u1ea5t m\u1edbi<\/p>\n<p><a href=\"#\"><br \/>\nTH\u00caM V\u00c0O GI\u1ece H\u00c0NG<br \/>\n<\/a><br \/>\n<a href=\"#\"><br \/>\nXem Th\u00eam<br \/>\n<\/a><\/p>\n<p>0%<br \/>\nKh\u00e1m ph\u00e1 thi\u00ean nhi\u00ean k\u1ef3 v\u0129<\/p>\n<h4>KH\u00c1M PH\u00c1 DU L\u1ecaCH VI\u1ec6T NAM<\/h4>\n<p>Vi\u1ec7t Nam l\u00e0 m\u1ed9t \u0111\u1ea5t n\u01b0\u1edbc \u0111\u01b0\u1ee3c thi\u00ean nhi\u00ean \u01b0u \u0111\u00e3i v\u1edbi v\u00f4 v\u00e0n c\u1ea3nh \u0111\u1eb9p t\u1eeb n\u00fai non tr\u00f9ng \u0111i\u1ec7p, \u0111\u1ed3ng b\u1eb1ng xanh m\u01b0\u1edbt, cho \u0111\u1ebfn nh\u1eefng b\u00e3i bi\u1ec3n tr\u1ea3i d\u00e0i c\u00e1t tr\u1eafng. M\u1ed7i v\u00f9ng mi\u1ec1n l\u1ea1i mang m\u1ed9t n\u00e9t \u0111\u1eb9p ri\u00eang, l\u00e0m say \u0111\u1eafm l\u00f2ng ng\u01b0\u1eddi.<\/p>\n<p><a href=\"#\"><br \/>\nMUA NGAY<br \/>\n<\/a><br \/>\n<a href=\"#\"><br \/>\nXEM TH\u00caM<br \/>\n<\/a><\/p>\n<p>CHARLES &amp; RAY EAMES, 1956<\/p>\n<p>V\u0102N H\u00d3A L\u1ecaCH S\u1eec<\/p>\n<h4>T\u00ecm v\u1ec1 l\u1ecbch s\u1eed v\u00e0 v\u0103n h\u00f3a<\/h4>\n<p>Vi\u1ec7t Nam c\u00f3 b\u1ec1 d\u00e0y l\u1ecbch s\u1eed h\u00e0ng ngh\u00ecn n\u0103m, \u0111\u01b0\u1ee3c th\u1ec3 hi\u1ec7n qua c\u00e1c di t\u00edch c\u1ed5 k\u00ednh, ki\u1ebfn tr\u00fac \u0111\u1ed9c \u0111\u00e1o v\u00e0 truy\u1ec1n th\u1ed1ng v\u0103n h\u00f3a phong ph\u00fa.<\/p>\n<p><a href=\"#\"><br \/>\nV\u1ec1 Ch\u00fang T\u00f4i<br \/>\n<\/a><br \/>\n<a href=\"#\"><br \/>\nXEM TH\u00caM<br \/>\n<\/a><br \/>\n<a href=\"https:\/\/yoyotravel.vn\/wp-content\/uploads\/2021\/08\/cac-diem-du-lich-noi-tieng-tai-a-rap-xe-ut-1042-2-1.jpg\" data-width=\"640\" data-height=\"476\" data-index=\"1\" data-elementor-open-lightbox=\"no\"><br \/>\n<img decoding=\"async\" src=\"https:\/\/yoyotravel.vn\/wp-content\/uploads\/2021\/08\/cac-diem-du-lich-noi-tieng-tai-a-rap-xe-ut-1042-2-1-375x300.jpg\" alt=\"cac-diem-du-lich-noi-tieng-tai-a-rap-xe-ut-1042-2\" \/><br \/>\n<\/a><br \/>\n<a href=\"https:\/\/yoyotravel.vn\/wp-content\/uploads\/2021\/08\/cac-diem-du-lich-noi-tieng-tai-a-rap-xe-ut-1042-1-1.jpg\" data-width=\"640\" data-height=\"427\" data-index=\"2\" data-elementor-open-lightbox=\"no\"><br \/>\n<img decoding=\"async\" src=\"https:\/\/yoyotravel.vn\/wp-content\/uploads\/2021\/08\/cac-diem-du-lich-noi-tieng-tai-a-rap-xe-ut-1042-1-1-375x300.jpg\" alt=\"cac-diem-du-lich-noi-tieng-tai-a-rap-xe-ut-1042-1\" \/><br \/>\n<\/a><br \/>\n<a href=\"https:\/\/yoyotravel.vn\/wp-content\/uploads\/2021\/08\/cac-diem-du-lich-noi-tieng-tai-a-rap-xe-ut-1042.jpg\" data-width=\"640\" data-height=\"427\" data-index=\"3\" data-elementor-open-lightbox=\"no\"><br \/>\n<img decoding=\"async\" src=\"https:\/\/yoyotravel.vn\/wp-content\/uploads\/2021\/08\/cac-diem-du-lich-noi-tieng-tai-a-rap-xe-ut-1042-375x300.jpg\" alt=\"xr:d:DAFpzaudXeQ:4,j:8793676077186013411,t:23072705\" \/><br \/>\n<\/a><br \/>\n<a href=\"https:\/\/yoyotravel.vn\/wp-content\/uploads\/2024\/11\/goi-y-khach-san-danh-cho-chuyen-di-cua-ban-toi-bahrain-1040.png\" data-width=\"640\" data-height=\"427\" data-index=\"4\" data-elementor-open-lightbox=\"no\"><br \/>\n<img decoding=\"async\" src=\"https:\/\/yoyotravel.vn\/wp-content\/uploads\/2024\/11\/goi-y-khach-san-danh-cho-chuyen-di-cua-ban-toi-bahrain-1040-375x300.png\" alt=\"goi-y-khach-san-danh-cho-chuyen-di-cua-ban-toi-bahrain-1040\" \/><br \/>\n<\/a><\/p>\n<p>KH\u00c1M PH\u00c1<\/p>\n<h4>DU L\u1ecaCH<\/h4>\n<p>Vi\u1ec7t Nam c\u00f3 b\u1ec1 d\u00e0y l\u1ecbch s\u1eed h\u00e0ng ngh\u00ecn n\u0103m, \u0111\u01b0\u1ee3c th\u1ec3 hi\u1ec7n qua c\u00e1c di t\u00edch c\u1ed5 k\u00ednh, ki\u1ebfn tr\u00fac \u0111\u1ed9c \u0111\u00e1o v\u00e0 truy\u1ec1n th\u1ed1ng v\u0103n h\u00f3a phong ph\u00fa.<\/p>\n<p><a href=\"https:\/\/yoyotravel.vn\/wp-content\/uploads\/2024\/11\/goi-y-khach-san-danh-cho-chuyen-di-cua-ban-toi-bahrain-1040-2.jpg\" data-width=\"640\" data-height=\"425\" data-index=\"1\" data-elementor-open-lightbox=\"no\"><br \/>\n<img decoding=\"async\" src=\"https:\/\/yoyotravel.vn\/wp-content\/uploads\/2024\/11\/goi-y-khach-san-danh-cho-chuyen-di-cua-ban-toi-bahrain-1040-2.jpg\" alt=\"goi-y-khach-san-danh-cho-chuyen-di-cua-ban-toi-bahrain-1040-2\" \/><br \/>\n<\/a><br \/>\n<a href=\"https:\/\/yoyotravel.vn\/wp-content\/uploads\/2024\/11\/goi-y-khach-san-danh-cho-chuyen-di-cua-ban-toi-bahrain-1040-3.jpg\" data-width=\"640\" data-height=\"427\" data-index=\"2\" data-elementor-open-lightbox=\"no\"><br \/>\n<img decoding=\"async\" src=\"https:\/\/yoyotravel.vn\/wp-content\/uploads\/2024\/11\/goi-y-khach-san-danh-cho-chuyen-di-cua-ban-toi-bahrain-1040-3.jpg\" alt=\"goi-y-khach-san-danh-cho-chuyen-di-cua-ban-toi-bahrain-1040-3\" \/><br \/>\n<\/a><br \/>\n<a href=\"https:\/\/yoyotravel.vn\/wp-content\/uploads\/2024\/11\/goi-y-khach-san-danh-cho-chuyen-di-cua-ban-toi-bahrain-1040-4.jpg\" data-width=\"640\" data-height=\"427\" data-index=\"3\" data-elementor-open-lightbox=\"no\"><br \/>\n<img decoding=\"async\" src=\"https:\/\/yoyotravel.vn\/wp-content\/uploads\/2024\/11\/goi-y-khach-san-danh-cho-chuyen-di-cua-ban-toi-bahrain-1040-4.jpg\" alt=\"goi-y-khach-san-danh-cho-chuyen-di-cua-ban-toi-bahrain-1040-4\" \/><br \/>\n<\/a><br \/>\n<a href=\"https:\/\/yoyotravel.vn\/wp-content\/uploads\/2024\/11\/goi-y-khach-san-danh-cho-chuyen-di-cua-ban-toi-bahrain-1040-1.jpg\" data-width=\"640\" data-height=\"427\" data-index=\"4\" data-elementor-open-lightbox=\"no\"><br \/>\n<img decoding=\"async\" src=\"https:\/\/yoyotravel.vn\/wp-content\/uploads\/2024\/11\/goi-y-khach-san-danh-cho-chuyen-di-cua-ban-toi-bahrain-1040-1.jpg\" alt=\"goi-y-khach-san-danh-cho-chuyen-di-cua-ban-toi-bahrain-1040-1\" \/><br \/>\n<\/a><\/p>\n<p>KH\u00c1M PH\u00c1<\/p>\n<h4>\u0110\u1ecaA \u0110I\u1ec2M<\/h4>\n<p><strong>C\u00f4n \u0110\u1ea3o<\/strong>: Kh\u00f4ng ch\u1ec9 l\u00e0 m\u1ed9t thi\u00ean \u0111\u01b0\u1eddng bi\u1ec3n \u0111\u1ea3o, C\u00f4n \u0110\u1ea3o c\u00f2n l\u01b0u gi\u1eef nh\u1eefng c\u00e2u chuy\u1ec7n l\u1ecbch s\u1eed bi h\u00f9ng t\u1ea1i nh\u00e0 t\u00f9 C\u00f4n \u0110\u1ea3o hay ngh\u0129a trang H\u00e0ng D\u01b0\u01a1ng.<\/p>\n<p><a href=\"https:\/\/yoyotravel.vn\/wp-content\/uploads\/2021\/08\/goi-y-cac-dia-diem-du-lich-tai-azerbaijan-982.jpg\" data-width=\"640\" data-height=\"427\" data-index=\"1\" data-elementor-open-lightbox=\"no\"><br \/>\n<img decoding=\"async\" src=\"https:\/\/yoyotravel.vn\/wp-content\/uploads\/2021\/08\/goi-y-cac-dia-diem-du-lich-tai-azerbaijan-982.jpg\" alt=\"goi-y-cac-dia-diem-du-lich-tai-azerbaijan-982\" \/><br \/>\n<\/a><br \/>\n<a href=\"https:\/\/yoyotravel.vn\/wp-content\/uploads\/2021\/08\/goi-y-cac-dia-diem-du-lich-tai-azerbaijan-982-1.png\" data-width=\"640\" data-height=\"427\" data-index=\"2\" data-elementor-open-lightbox=\"no\"><br \/>\n<img decoding=\"async\" src=\"https:\/\/yoyotravel.vn\/wp-content\/uploads\/2021\/08\/goi-y-cac-dia-diem-du-lich-tai-azerbaijan-982-1.png\" alt=\"goi-y-cac-dia-diem-du-lich-tai-azerbaijan-982-1\" \/><br \/>\n<\/a><br \/>\n<a href=\"https:\/\/yoyotravel.vn\/wp-content\/uploads\/2021\/08\/goi-y-cac-dia-diem-du-lich-tai-azerbaijan-982-3.webp\" data-width=\"640\" data-height=\"427\" data-index=\"3\" data-elementor-open-lightbox=\"no\"><br \/>\n<img decoding=\"async\" src=\"https:\/\/yoyotravel.vn\/wp-content\/uploads\/2021\/08\/goi-y-cac-dia-diem-du-lich-tai-azerbaijan-982-3.webp\" alt=\"goi-y-cac-dia-diem-du-lich-tai-azerbaijan-982-3\" \/><br \/>\n<\/a><\/p>\n<p><a href=\"https:\/\/yoyotravel.vn\/wp-content\/uploads\/2021\/08\/goi-y-cac-dia-diem-du-lich-tai-azerbaijan-982.jpg\" data-width=\"640\" data-height=\"427\" data-index=\"1\" data-elementor-open-lightbox=\"no\"><br \/>\n<img decoding=\"async\" src=\"https:\/\/yoyotravel.vn\/wp-content\/uploads\/2021\/08\/goi-y-cac-dia-diem-du-lich-tai-azerbaijan-982.jpg\" alt=\"goi-y-cac-dia-diem-du-lich-tai-azerbaijan-982\" \/><br \/>\n<\/a><br \/>\n<a href=\"https:\/\/yoyotravel.vn\/wp-content\/uploads\/2021\/08\/goi-y-cac-dia-diem-du-lich-tai-azerbaijan-982-2-1.jpg\" data-width=\"640\" data-height=\"427\" data-index=\"2\" data-elementor-open-lightbox=\"no\"><br \/>\n<img decoding=\"async\" src=\"https:\/\/yoyotravel.vn\/wp-content\/uploads\/2021\/08\/goi-y-cac-dia-diem-du-lich-tai-azerbaijan-982-2-1.jpg\" alt=\"goi-y-cac-dia-diem-du-lich-tai-azerbaijan-982-2\" \/><br \/>\n<\/a><br \/>\n<a href=\"https:\/\/yoyotravel.vn\/wp-content\/uploads\/2021\/08\/goi-y-cac-dia-diem-du-lich-tai-azerbaijan-982-1.png\" data-width=\"640\" data-height=\"427\" data-index=\"3\" data-elementor-open-lightbox=\"no\"><br \/>\n<img decoding=\"async\" src=\"https:\/\/yoyotravel.vn\/wp-content\/uploads\/2021\/08\/goi-y-cac-dia-diem-du-lich-tai-azerbaijan-982-1.png\" alt=\"goi-y-cac-dia-diem-du-lich-tai-azerbaijan-982-1\" \/><br \/>\n<\/a><br \/>\n<a href=\"https:\/\/yoyotravel.vn\/wp-content\/uploads\/2021\/08\/goi-y-cac-dia-diem-du-lich-tai-azerbaijan-982-2.jpg\" data-width=\"640\" data-height=\"427\" data-index=\"4\" data-elementor-open-lightbox=\"no\"><br \/>\n<img decoding=\"async\" src=\"https:\/\/yoyotravel.vn\/wp-content\/uploads\/2021\/08\/goi-y-cac-dia-diem-du-lich-tai-azerbaijan-982-2.jpg\" alt=\"goi-y-cac-dia-diem-du-lich-tai-azerbaijan-982-2\" \/><br \/>\n<\/a><\/p>\n","protected":false},"excerpt":{"rendered":"<p>Nh\u1eefng \u0111i\u1ec3m \u0111\u1ebfn Eames lu\u00f4n l\u00e0 l\u1ef1a ch\u1ecdn h\u00e0ng \u0111\u1ea7u cho nh\u1eefng ai y\u00eau th\u00edch s\u1ef1 kh\u00e1m ph\u00e1 v\u00e0 phi\u00eau l\u01b0u. T\u1eeb nh\u1eefng ng\u1ecdn n\u00fai cao ch\u00f3t v\u00f3t \u0111\u1ebfn nh\u1eefng v\u00f9ng bi\u1ec3n xanh ng\u1eaft, m\u1ed7i n\u01a1i \u0111\u1ec1u mang \u0111\u1ebfn nh\u1eefng c\u1ea3m x\u00fac kh\u00e1c bi\u1ec7t. H\u00e3y t\u00ecm hi\u1ec3u v\u00e0 tr\u1ea3i nghi\u1ec7m nh\u1eefng \u0111i\u1ec3m \u0111\u1ebfn n\u00e0y \u0111\u1ec3 c\u00f3 \u0111\u01b0\u1ee3c nh\u1eefng k\u1ef7 ni\u1ec7m kh\u00f3 phai.<\/p>\n","protected":false},"featured_media":16108,"comment_status":"open","ping_status":"closed","template":"","meta":{"inline_featured_image":false},"product_brand":[],"product_cat":[42],"product_tag":[],"class_list":{"0":"post-232","1":"product","2":"type-product","3":"status-publish","4":"has-post-thumbnail","6":"product_cat-hoi-an","7":"pa_the-loai-bien-dep","8":"pa_the-loai-cam-trai","9":"pa_the-loai-giai-tri","10":"pa_the-loai-phong-canh","11":"pa_the-loai-resort-nghi-duong","13":"first","14":"instock","15":"shipping-taxable","16":"purchasable","17":"product-type-simple"},"_links":{"self":[{"href":"https:\/\/yoyotravel.vn\/zh-hans\/wp-json\/wp\/v2\/product\/232","targetHints":{"allow":["GET"]}}],"collection":[{"href":"https:\/\/yoyotravel.vn\/zh-hans\/wp-json\/wp\/v2\/product"}],"about":[{"href":"https:\/\/yoyotravel.vn\/zh-hans\/wp-json\/wp\/v2\/types\/product"}],"replies":[{"embeddable":true,"href":"https:\/\/yoyotravel.vn\/zh-hans\/wp-json\/wp\/v2\/comments?post=232"}],"wp:featuredmedia":[{"embeddable":true,"href":"https:\/\/yoyotravel.vn\/zh-hans\/wp-json\/wp\/v2\/media\/16108"}],"wp:attachment":[{"href":"https:\/\/yoyotravel.vn\/zh-hans\/wp-json\/wp\/v2\/media?parent=232"}],"wp:term":[{"taxonomy":"product_brand","embeddable":true,"href":"https:\/\/yoyotravel.vn\/zh-hans\/wp-json\/wp\/v2\/product_brand?post=232"},{"taxonomy":"product_cat","embeddable":true,"href":"https:\/\/yoyotravel.vn\/zh-hans\/wp-json\/wp\/v2\/product_cat?post=232"},{"taxonomy":"product_tag","embeddable":true,"href":"https:\/\/yoyotravel.vn\/zh-hans\/wp-json\/wp\/v2\/product_tag?post=232"}],"curies":[{"name":"wp","href":"https:\/\/api.w.org\/{rel}","templated":true}]}}